{"id":2316,"date":"2022-12-20T17:03:33","date_gmt":"2022-12-20T16:03:33","guid":{"rendered":"https:\/\/togoexotique.com\/?product=pate-de-mais-fermente-complete"},"modified":"2026-04-28T21:03:26","modified_gmt":"2026-04-28T19:03:26","slug":"pate-de-mais-fermente-complete","status":"publish","type":"product","link":"https:\/\/togoexotique.com\/?product=pate-de-mais-fermente-complete","title":{"rendered":"komma\/ p\u00e2te de ma\u00efs ferment\u00e9 Complet"},"content":{"rendered":"<p>p\u00e2te de ma\u00efs ferment\u00e9 (500g)<\/p>\n<p>utilis\u00e9 pour la pr\u00e9paration de akoumin ou K\u00d4M\/ DOKOUNOU\/ KENK\u00c9<\/p>\n<p>la diff\u00e9rence avec l&rsquo;autre ?<\/p>\n<p>la peaux du ma\u00efs n&rsquo;a pas \u00e9t\u00e9 retir\u00e9e, la p\u00e2te est donc dites \u00ab\u00a0COMPL\u00c8TE\u00a0\u00bb. elle a \u00e9t\u00e9 pr\u00e9par\u00e9e de mani\u00e8re traditionnelle.<\/p>\n<p>doit \u00eatre m\u00e9lang\u00e9 avec du manioc pour la pr\u00e9paration de k\u00f4m, dokounou.<\/p>\n<p>MADE IN TOGO<\/p>\n","protected":false},"excerpt":{"rendered":"<p>p\u00e2te de ma\u00efs ferment\u00e9 (500g) utilis\u00e9 pour la pr\u00e9paration de akoumin ou K\u00d4M\/ DOKOUNOU\/ KENK\u00c9 la diff\u00e9rence avec l&rsquo;autre ? la peaux du ma\u00efs n&rsquo;a pas \u00e9t\u00e9 retir\u00e9e, la p\u00e2te est donc dites \u00ab\u00a0COMPL\u00c8TE\u00a0\u00bb. elle a \u00e9t\u00e9 pr\u00e9par\u00e9e de mani\u00e8re traditionnelle. doit \u00eatre m\u00e9lang\u00e9 avec du manioc pour la pr\u00e9paration de k\u00f4m, dokounou. MADE IN [&hellip;]<\/p>\n","protected":false},"featured_media":399,"template":"","meta":{"_coblocks_attr":"","_coblocks_dimensions":"","_coblocks_responsive_height":"","_coblocks_accordion_ie_support":"","_crdt_document":"","advanced_seo_description":"","jetpack_seo_html_title":"","jetpack_seo_noindex":false,"ocean_post_layout":"","ocean_both_sidebars_style":"","ocean_both_sidebars_content_width":0,"ocean_both_sidebars_sidebars_width":0,"ocean_sidebar":"","ocean_second_sidebar":"","ocean_disable_margins":"enable","ocean_add_body_class":"","ocean_shortcode_before_top_bar":"","ocean_shortcode_after_top_bar":"","ocean_shortcode_before_header":"","ocean_shortcode_after_header":"","ocean_has_shortcode":"","ocean_shortcode_after_title":"","ocean_shortcode_before_footer_widgets":"","ocean_shortcode_after_footer_widgets":"","ocean_shortcode_before_footer_bottom":"","ocean_shortcode_after_footer_bottom":"","ocean_display_top_bar":"default","ocean_display_header":"default","ocean_header_style":"","ocean_center_header_left_menu":"","ocean_custom_header_template":"","ocean_custom_logo":0,"ocean_custom_retina_logo":0,"ocean_custom_logo_max_width":0,"ocean_custom_logo_tablet_max_width":0,"ocean_custom_logo_mobile_max_width":0,"ocean_custom_logo_max_height":0,"ocean_custom_logo_tablet_max_height":0,"ocean_custom_logo_mobile_max_height":0,"ocean_header_custom_menu":"","ocean_menu_typo_font_family":"","ocean_menu_typo_font_subset":"","ocean_menu_typo_font_size":0,"ocean_menu_typo_font_size_tablet":0,"ocean_menu_typo_font_size_mobile":0,"ocean_menu_typo_font_size_unit":"px","ocean_menu_typo_font_weight":"","ocean_menu_typo_font_weight_tablet":"","ocean_menu_typo_font_weight_mobile":"","ocean_menu_typo_transform":"","ocean_menu_typo_transform_tablet":"","ocean_menu_typo_transform_mobile":"","ocean_menu_typo_line_height":0,"ocean_menu_typo_line_height_tablet":0,"ocean_menu_typo_line_height_mobile":0,"ocean_menu_typo_line_height_unit":"","ocean_menu_typo_spacing":0,"ocean_menu_typo_spacing_tablet":0,"ocean_menu_typo_spacing_mobile":0,"ocean_menu_typo_spacing_unit":"","ocean_menu_link_color":"","ocean_menu_link_color_hover":"","ocean_menu_link_color_active":"","ocean_menu_link_background":"","ocean_menu_link_hover_background":"","ocean_menu_link_active_background":"","ocean_menu_social_links_bg":"","ocean_menu_social_hover_links_bg":"","ocean_menu_social_links_color":"","ocean_menu_social_hover_links_color":"","ocean_disable_title":"default","ocean_disable_heading":"default","ocean_post_title":"","ocean_post_subheading":"","ocean_post_title_style":"","ocean_post_title_background_color":"","ocean_post_title_background":0,"ocean_post_title_bg_image_position":"","ocean_post_title_bg_image_attachment":"","ocean_post_title_bg_image_repeat":"","ocean_post_title_bg_image_size":"","ocean_post_title_height":0,"ocean_post_title_bg_overlay":0.5,"ocean_post_title_bg_overlay_color":"","ocean_disable_breadcrumbs":"default","ocean_breadcrumbs_color":"","ocean_breadcrumbs_separator_color":"","ocean_breadcrumbs_links_color":"","ocean_breadcrumbs_links_hover_color":"","ocean_display_footer_widgets":"default","ocean_display_footer_bottom":"default","ocean_custom_footer_template":"","omw_enable_modal_window":"enable","jetpack_publicize_message":"","jetpack_publicize_feature_enabled":true,"jetpack_social_post_already_shared":true,"jetpack_social_options":{"image_generator_settings":{"template":"highway","default_image_id":0,"font":"","enabled":false},"version":2},"_wpas_customize_per_network":false},"product_brand":[],"product_cat":[755797157,755797170],"product_tag":[755797373,755797267,755797367,755797369,755797372,755797370,755797371,755797368],"class_list":{"0":"post-2316","1":"product","2":"type-product","3":"status-publish","4":"has-post-thumbnail","6":"product_cat-nos-farines","7":"product_cat-tous-nos-produits","8":"product_tag-akoume","9":"product_tag-akoumin","10":"product_tag-ema","11":"product_tag-dokounou","12":"product_tag-ema-2","13":"product_tag-ingredients-dokounou","14":"product_tag-mawoe","15":"product_tag-pate-de-dokounou","17":"entry","18":"has-media","20":"first","21":"instock","22":"taxable","23":"shipping-taxable","24":"purchasable","25":"product-type-simple","26":"has-product-nav","27":"col","28":"span_1_of_3","29":"owp-content-center","30":"owp-thumbs-layout-horizontal","31":"owp-btn-big","32":"owp-tabs-layout-horizontal","33":"has-no-thumbnails"},"bundled_by":[],"bundle_stock_status":"instock","bundle_stock_quantity":4,"bundle_virtual":false,"bundle_layout":"","bundle_add_to_cart_form_location":"","bundle_editable_in_cart":false,"bundle_sold_individually_context":"","bundle_item_grouping":"","bundle_min_size":"","bundle_max_size":"","bundle_price":[],"bundled_items":[],"bundle_sell_ids":[],"group_of_quantity":0,"min_quantity":0,"max_quantity":"","exclude_order_quantity_value_rules":"no","exclude_category_quantity_rules":"no","combine_variations":"no","exclude_global_add_ons":[],"addons":[],"jetpack_publicize_connections":[],"jetpack_sharing_enabled":true,"jetpack_likes_enabled":true,"_links":{"self":[{"href":"https:\/\/togoexotique.com\/index.php?rest_route=\/wp\/v2\/product\/2316","targetHints":{"allow":["GET"]}}],"collection":[{"href":"https:\/\/togoexotique.com\/index.php?rest_route=\/wp\/v2\/product"}],"about":[{"href":"https:\/\/togoexotique.com\/index.php?rest_route=\/wp\/v2\/types\/product"}],"wp:featuredmedia":[{"embeddable":true,"href":"https:\/\/togoexotique.com\/index.php?rest_route=\/wp\/v2\/media\/399"}],"wp:attachment":[{"href":"https:\/\/togoexotique.com\/index.php?rest_route=%2Fwp%2Fv2%2Fmedia&parent=2316"}],"wp:term":[{"taxonomy":"product_brand","embeddable":true,"href":"https:\/\/togoexotique.com\/index.php?rest_route=%2Fwp%2Fv2%2Fproduct_brand&post=2316"},{"taxonomy":"product_cat","embeddable":true,"href":"https:\/\/togoexotique.com\/index.php?rest_route=%2Fwp%2Fv2%2Fproduct_cat&post=2316"},{"taxonomy":"product_tag","embeddable":true,"href":"https:\/\/togoexotique.com\/index.php?rest_route=%2Fwp%2Fv2%2Fproduct_tag&post=2316"}],"curies":[{"name":"wp","href":"https:\/\/api.w.org\/{rel}","templated":true}]}}