{"id":5515,"date":"2025-06-08T11:56:50","date_gmt":"2025-06-08T09:56:50","guid":{"rendered":"https:\/\/togoexotique.com\/?product=huile-de-fenugrec-80ml"},"modified":"2026-01-30T10:04:28","modified_gmt":"2026-01-30T09:04:28","slug":"huile-de-fenugrec-80ml","status":"publish","type":"product","link":"https:\/\/togoexotique.com\/?product=huile-de-fenugrec-80ml","title":{"rendered":"HUILE DE FENUGREC 80ML"},"content":{"rendered":"<div class=\"wpb_text_column wpb_content_element\" style=\"margin:0px0px30px;padding:0px;border:0px;font-style:normal;font-weight:500;line-height:inherit;font-family:Montserrat,Helvetica,sans-serif;font-size:14px;vertical-align:baseline;color:rgb(119,119,119);letter-spacing:normal;text-transform:none;background-color:rgb(255,255,255);text-align:left\">\n<div class=\"wpb_wrapper\" style=\"margin:0px;padding:0px;border:0px;font-style:inherit;font-variant:inherit;font-weight:inherit;line-height:inherit;font-family:inherit;font-size:14px;vertical-align:baseline\">\n<div style=\"margin:0px;padding:0px;border:0px;font-style:inherit;font-variant:inherit;font-weight:inherit;line-height:inherit;font-family:inherit;font-size:13px;vertical-align:baselinecolor:rgb(87,87,87);text-align:left\">Traditionnellement utilis\u00e9e pour<span> <\/span><strong style=\"margin: 0px;padding: 0px;border: 0px;font-style: inherit;font-variant: inherit;font-weight: bold;line-height: inherit;font-family: inherit;font-size: 13px;vertical-align: baseline\">ralentir la chute des<\/strong><span> <\/span><strong style=\"margin: 0px;padding: 0px;border: 0px;font-style: inherit;font-variant: inherit;font-weight: bold;line-height: inherit;font-family: inherit;font-size: 13px;vertical-align: baseline\">cheveux<\/strong><span> <\/span>et<span> <\/span><strong style=\"margin: 0px;padding: 0px;border: 0px;font-style: inherit;font-variant: inherit;font-weight: bold;line-height: inherit;font-family: inherit;font-size: 13px;vertical-align: baseline\">favoriser leur pousse<\/strong>,<span> <\/span><strong style=\"margin: 0px;padding: 0px;border: 0px;font-style: inherit;font-variant: inherit;font-weight: bold;line-height: inherit;font-family: inherit;font-size: 13px;vertical-align: baseline\">l\u2019huile de Fenugrec<\/strong><span><strong style=\"margin: 0px;padding: 0px;border: 0px;font-style: inherit;font-variant: inherit;font-weight: bold;line-height: inherit;font-family: inherit;font-size: 13px;vertical-align: baseline\"> <\/strong><\/span>est un actif pris\u00e9 pour les bains capillaires, les masques ou les huiles capillaires. Elle<span> <\/span><strong style=\"margin: 0px;padding: 0px;border: 0px;font-style: inherit;font-variant: inherit;font-weight: bold;line-height: inherit;font-family: inherit;font-size: 13px;vertical-align: baseline\">permet de fortifier et nourrir la fibre du cheveu<\/strong><span> <\/span>en profondeur.<span style=\"margin:0px;padding:0px;border:0px;font-style:inherit;font-variant:inherit;font-weight:inherit;line-height:inherit;font-family:inherit;font-size:13px;vertical-align:baseline\"> <\/span><\/p>\n<\/div>\n<\/div>\n<\/div>\n<div class=\"wpb_text_column wpb_content_element\" style=\"margin:0px0px30px;padding:0px;border:0px;font-style:normal;font-weight:500;line-height:inherit;font-family:Montserrat,Helvetica,sans-serif;font-size:14px;vertical-align:baseline;color:rgb(119,119,119);letter-spacing:normal;text-transform:none;background-color:rgb(255,255,255);text-align:left\">\n<div class=\"wpb_wrapper\" style=\"margin:0px;padding:0px;border:0px;font-style:inherit;font-variant:inherit;font-weight:inherit;line-height:inherit;font-family:inherit;font-size:14px;vertical-align:baseline\">\n<h3 style=\"margin:20px0px10px;padding:0px;border:0px;font-style:inherit;font-variant:inherit;font-weight:500;line-height:1.1;font-family:Montserrat,sans-serif;font-size:12pt;vertical-align:baseline;text-transform:none;color:rgb(216,131,119)\"><span style=\"margin:0px;padding:0px;border:0px;font-style:inherit;font-variant:inherit;font-weight:inherit;line-height:inherit;font-family:inherit;font-size:16px;vertical-align:baseline\"><b style=\"margin: 0px;padding: 0px;border: 0px;font-style: inherit;font-variant: inherit;font-weight: bold;line-height: inherit;font-family: inherit;font-size: 16px;vertical-align: baseline\">L\u2019huile de Fenugrec<\/b><\/span><span style=\"margin:0px;padding:0px;border:0px;font-style:inherit;font-variant:inherit;font-weight:inherit;line-height:inherit;font-family:inherit;font-size:16px;vertical-align:baseline\"><span> <\/span><b style=\"margin: 0px;padding: 0px;border: 0px;font-style: inherit;font-variant: inherit;font-weight: bold;line-height: inherit;font-family: inherit;font-size: 16px;vertical-align: baseline\">pr\u00e9vient du vieillissement cutan\u00e9<\/b><\/span><\/h3>\n<\/div>\n<\/div>\n<div class=\"wpb_text_column wpb_content_element\" style=\"margin:0px;padding:0px;border:0px;font-style:normal;font-weight:500;line-height:inherit;font-family:Montserrat,Helvetica,sans-serif;font-size:14px;vertical-align:baseline;color:rgb(119,119,119);letter-spacing:normal;text-transform:none;background-color:rgb(255,255,255);text-align:left\">\n<div class=\"wpb_wrapper\" style=\"margin:0px;padding:0px;border:0px;font-style:inherit;font-variant:inherit;font-weight:inherit;line-height:inherit;font-family:inherit;font-size:14px;vertical-align:baseline\">\n<div style=\"margin:0px;padding:0px;border:0px;font-style:inherit;font-variant:inherit;font-weight:inherit;line-height:inherit;font-family:inherit;font-size:13px;vertical-align:baselinecolor:rgb(87,87,87);text-align:left\">Riche en flavono\u00efdes et antioxydants, le Fenugrec<span> <\/span><strong style=\"margin: 0px;padding: 0px;border: 0px;font-style: inherit;font-variant: inherit;font-weight: bold;line-height: inherit;font-family: inherit;font-size: 13px;vertical-align: baseline\">ralentit l\u2019apparition des rides<\/strong><span> <\/span>et le<span><strong style=\"margin: 0px;padding: 0px;border: 0px;font-style: inherit;font-variant: inherit;font-weight: bold;line-height: inherit;font-family: inherit;font-size: 13px;vertical-align: baseline\"> <\/strong><\/span><strong style=\"margin: 0px;padding: 0px;border: 0px;font-style: inherit;font-variant: inherit;font-weight: bold;line-height: inherit;font-family: inherit;font-size: 13px;vertical-align: baseline\">rel\u00e2chement cutan\u00e9<\/strong>. Cette huile v\u00e9g\u00e9tale lutte contre les radicaux libres, permettant de<span><strong style=\"margin: 0px;padding: 0px;border: 0px;font-style: inherit;font-variant: inherit;font-weight: bold;line-height: inherit;font-family: inherit;font-size: 13px;vertical-align: baseline\"> <\/strong><\/span><strong style=\"margin: 0px;padding: 0px;border: 0px;font-style: inherit;font-variant: inherit;font-weight: bold;line-height: inherit;font-family: inherit;font-size: 13px;vertical-align: baseline\">retarder l\u2019apparition des premiers signes de l\u2019\u00e2ge<\/strong>. On la retrouve dans les cr\u00e8mes anti-\u00e2ges, les s\u00e9rums contour des yeux, les soins anti-rides\u2026<\/p>\n<p style=\"margin:0px;padding:0px;border:0px;font-style:inherit;font-variant:inherit;font-weight:inherit;line-height:20px;font-family:inherit;font-size:13px;vertical-align:baseline;color:rgb(87,87,87)\">Il galbe la poitrine, embellit les cheveux et retarde l\u2019apparition des rides\u2026 le<span> <\/span><strong style=\"margin: 0px;padding: 0px;border: 0px;font-style: inherit;font-variant: inherit;font-weight: bold;line-height: inherit;font-family: inherit;font-size: 13px;vertical-align: baseline\">mac\u00e9r\u00e2t huileux de Fenugrec<\/strong><span> <\/span>semble \u00eatre l\u2019ingr\u00e9dient de beaut\u00e9 secret que cherche toutes les femmes !<\/p>\n<\/div>\n<\/div>\n<\/div>\n<p>80ml<\/p>\n","protected":false},"excerpt":{"rendered":"<p>Traditionnellement utilis\u00e9e pour ralentir la chute des cheveux et favoriser leur pousse, l\u2019huile de Fenugrec est un actif pris\u00e9 pour les bains capillaires, les masques ou les huiles capillaires. Elle permet de fortifier et nourrir la fibre du cheveu en profondeur. L\u2019huile de Fenugrec pr\u00e9vient du vieillissement cutan\u00e9 Riche en flavono\u00efdes et antioxydants, le Fenugrec [&hellip;]<\/p>\n","protected":false},"featured_media":5514,"template":"","meta":{"_coblocks_attr":"","_coblocks_dimensions":"","_coblocks_responsive_height":"","_coblocks_accordion_ie_support":"","_crdt_document":"","advanced_seo_description":"","jetpack_seo_html_title":"","jetpack_seo_noindex":false,"ocean_post_layout":"","ocean_both_sidebars_style":"","ocean_both_sidebars_content_width":0,"ocean_both_sidebars_sidebars_width":0,"ocean_sidebar":"","ocean_second_sidebar":"","ocean_disable_margins":"enable","ocean_add_body_class":"","ocean_shortcode_before_top_bar":"","ocean_shortcode_after_top_bar":"","ocean_shortcode_before_header":"","ocean_shortcode_after_header":"","ocean_has_shortcode":"","ocean_shortcode_after_title":"","ocean_shortcode_before_footer_widgets":"","ocean_shortcode_after_footer_widgets":"","ocean_shortcode_before_footer_bottom":"","ocean_shortcode_after_footer_bottom":"","ocean_display_top_bar":"default","ocean_display_header":"default","ocean_header_style":"","ocean_center_header_left_menu":"","ocean_custom_header_template":"","ocean_custom_logo":0,"ocean_custom_retina_logo":0,"ocean_custom_logo_max_width":0,"ocean_custom_logo_tablet_max_width":0,"ocean_custom_logo_mobile_max_width":0,"ocean_custom_logo_max_height":0,"ocean_custom_logo_tablet_max_height":0,"ocean_custom_logo_mobile_max_height":0,"ocean_header_custom_menu":"","ocean_menu_typo_font_family":"","ocean_menu_typo_font_subset":"","ocean_menu_typo_font_size":0,"ocean_menu_typo_font_size_tablet":0,"ocean_menu_typo_font_size_mobile":0,"ocean_menu_typo_font_size_unit":"px","ocean_menu_typo_font_weight":"","ocean_menu_typo_font_weight_tablet":"","ocean_menu_typo_font_weight_mobile":"","ocean_menu_typo_transform":"","ocean_menu_typo_transform_tablet":"","ocean_menu_typo_transform_mobile":"","ocean_menu_typo_line_height":0,"ocean_menu_typo_line_height_tablet":0,"ocean_menu_typo_line_height_mobile":0,"ocean_menu_typo_line_height_unit":"","ocean_menu_typo_spacing":0,"ocean_menu_typo_spacing_tablet":0,"ocean_menu_typo_spacing_mobile":0,"ocean_menu_typo_spacing_unit":"","ocean_menu_link_color":"","ocean_menu_link_color_hover":"","ocean_menu_link_color_active":"","ocean_menu_link_background":"","ocean_menu_link_hover_background":"","ocean_menu_link_active_background":"","ocean_menu_social_links_bg":"","ocean_menu_social_hover_links_bg":"","ocean_menu_social_links_color":"","ocean_menu_social_hover_links_color":"","ocean_disable_title":"default","ocean_disable_heading":"default","ocean_post_title":"","ocean_post_subheading":"","ocean_post_title_style":"","ocean_post_title_background_color":"","ocean_post_title_background":0,"ocean_post_title_bg_image_position":"","ocean_post_title_bg_image_attachment":"","ocean_post_title_bg_image_repeat":"","ocean_post_title_bg_image_size":"","ocean_post_title_height":0,"ocean_post_title_bg_overlay":0.5,"ocean_post_title_bg_overlay_color":"","ocean_disable_breadcrumbs":"default","ocean_breadcrumbs_color":"","ocean_breadcrumbs_separator_color":"","ocean_breadcrumbs_links_color":"","ocean_breadcrumbs_links_hover_color":"","ocean_display_footer_widgets":"default","ocean_display_footer_bottom":"default","ocean_custom_footer_template":"","omw_enable_modal_window":"enable","jetpack_publicize_message":"","jetpack_publicize_feature_enabled":true,"jetpack_social_post_already_shared":true,"jetpack_social_options":{"image_generator_settings":{"template":"highway","default_image_id":0,"font":"","enabled":false},"version":2},"_wpas_customize_per_network":false},"product_brand":[],"product_cat":[755797296,755797511,755797165,755797170],"product_tag":[],"class_list":{"0":"post-5515","1":"product","2":"type-product","3":"status-publish","4":"has-post-thumbnail","6":"product_cat-medecine-traditionnelle","7":"product_cat-parf","8":"product_cat-produits-cosmetique","9":"product_cat-tous-nos-produits","11":"entry","12":"has-media","14":"first","15":"instock","16":"taxable","17":"shipping-taxable","18":"purchasable","19":"product-type-simple","20":"has-product-nav","21":"col","22":"span_1_of_3","23":"owp-content-center","24":"owp-thumbs-layout-horizontal","25":"owp-btn-big","26":"owp-tabs-layout-horizontal","27":"has-no-thumbnails"},"bundled_by":[],"bundle_stock_status":"instock","bundle_stock_quantity":12,"bundle_virtual":false,"bundle_layout":"","bundle_add_to_cart_form_location":"","bundle_editable_in_cart":false,"bundle_sold_individually_context":"","bundle_item_grouping":"","bundle_min_size":"","bundle_max_size":"","bundle_price":[],"bundled_items":[],"bundle_sell_ids":[],"group_of_quantity":0,"min_quantity":0,"max_quantity":"","exclude_order_quantity_value_rules":"no","exclude_category_quantity_rules":"no","combine_variations":"no","exclude_global_add_ons":[],"addons":[],"jetpack_publicize_connections":[],"jetpack_sharing_enabled":true,"jetpack_likes_enabled":true,"_links":{"self":[{"href":"https:\/\/togoexotique.com\/index.php?rest_route=\/wp\/v2\/product\/5515","targetHints":{"allow":["GET"]}}],"collection":[{"href":"https:\/\/togoexotique.com\/index.php?rest_route=\/wp\/v2\/product"}],"about":[{"href":"https:\/\/togoexotique.com\/index.php?rest_route=\/wp\/v2\/types\/product"}],"wp:featuredmedia":[{"embeddable":true,"href":"https:\/\/togoexotique.com\/index.php?rest_route=\/wp\/v2\/media\/5514"}],"wp:attachment":[{"href":"https:\/\/togoexotique.com\/index.php?rest_route=%2Fwp%2Fv2%2Fmedia&parent=5515"}],"wp:term":[{"taxonomy":"product_brand","embeddable":true,"href":"https:\/\/togoexotique.com\/index.php?rest_route=%2Fwp%2Fv2%2Fproduct_brand&post=5515"},{"taxonomy":"product_cat","embeddable":true,"href":"https:\/\/togoexotique.com\/index.php?rest_route=%2Fwp%2Fv2%2Fproduct_cat&post=5515"},{"taxonomy":"product_tag","embeddable":true,"href":"https:\/\/togoexotique.com\/index.php?rest_route=%2Fwp%2Fv2%2Fproduct_tag&post=5515"}],"curies":[{"name":"wp","href":"https:\/\/api.w.org\/{rel}","templated":true}]}}